{"id":19,"date":"2016-02-04T17:56:12","date_gmt":"2016-02-04T17:56:12","guid":{"rendered":"http:\/\/carolinsonne.com\/?page_id=19"},"modified":"2024-03-27T14:51:21","modified_gmt":"2024-03-27T14:51:21","slug":"cv","status":"publish","type":"page","link":"http:\/\/carolinsonne.com\/en\/cv\/","title":{"rendered":"Curriculum Vitae"},"content":{"rendered":"<p><\/p>\n<style>\nth,<br \/>\ntd,<br \/>\ntable {<br \/>\n\tborder: 0px solid #ddd;<br \/>\n}<br \/>\n<\/style>\n<h3>Ass. Professor Dr. med. Carolin Sonne<\/h3>\n<table border=\"0\">\n<tbody>\n<tr>\n<td valign=\"middle\">\n<h5>PERSON<\/h5>\n<\/td>\n<td valign=\"middle\">\n<h5>PRACTICE<\/h5>\n<\/td>\n<td rowspan=\"7\" valign=\"top\"><img loading=\"lazy\" class=\"alignnone size-medium wp-image-14\" style=\"vertical-align: top;\" src=\"http:\/\/carolinsonne.com\/wp-content\/uploads\/2017\/07\/Carolin-Sonne-Portrait.jpg\" alt=\"profphoto\" width=\"242\" height=\"300\" \/><\/td>\n<\/tr>\n<tr>\n<td>Place of birth: Munich<\/td>\n<td valign=\"top\">I. Doussi, 5th floor<\/td>\n<\/tr>\n<tr>\n<td>Nationality: German<\/td>\n<td valign=\"top\">15124 Maroussi (Athens), Greece<\/td>\n<\/tr>\n<tr>\n<td><\/td>\n<td valign=\"top\">sonnecarolin@gmail.com<\/td>\n<\/tr>\n<tr>\n<td><\/td>\n<td valign=\"top\">www.carolinsonne.com<\/td>\n<\/tr>\n<tr>\n<td><\/td>\n<td valign=\"top\">Mobile: 0030 6948191787<\/td>\n<\/tr>\n<tr>\n<td><\/td>\n<td valign=\"top\">Tel: 0030 2108023023<\/td>\n<\/tr>\n<\/tbody>\n<\/table>\n<table border=\"0\" cellspacing=\"0\" cellpadding=\"0\">\n<tbody>\n<tr bgcolor=\"#c9c7c8\">\n<td colspan=\"2\"><strong>WORK EXPERIENCE<\/strong><\/td>\n<\/tr>\n<tr>\n<td style=\"width: 130px;\">Sept Feb 16<\/td>\n<td><strong>Private Practice for Cardiology in Maroussi and Interventional Cardiology at the hospitals Iatriko Kentro Maroussi, Mediterraneo Hospital Glyfada and German Heart Center Munich<\/strong><\/p>\n<ul>\n<li>Clinical Cardiology<\/li>\n<li>Interventional Cardiology (including Trans-Catheter Aortic Valve Implantation, TAVI)<\/li>\n<li>Medical representative in Greece for the Insurance ADAC<\/li>\n<\/ul>\n<p><strong>Clinical research in the field of heart failure, three-dimensional echocardiography and interventional therapy of structural heart diseases (Trans-Catheter Aortic Valve Implantation, TAVI and interventional therapy of mitral valve insufficiency: Mitral Valve Clipping)<\/strong><\/td>\n<\/tr>\n<tr>\n<td>Sep 07 &#8211; Dec 15<\/td>\n<td><strong>Cardiology, German Heart Centre Munich, University Hospital Klinikum rechts der Isar (Director: Prof. H. Schunkert) :<\/strong><\/p>\n<ul>\n<li>Director of the Echocardiography Department<\/li>\n<li>Director of the Department of Heart Failure<\/li>\n<li>Senior Attending Physician of the Heart Catheter Labaratory (since 2012, Certification\u201dInterventional Cardiology\u201d of the German Cardiac Society)<\/li>\n<li>Associate professor of Internal Medicine (since March 2014)<\/li>\n<li>Cardiology Boards (2012)<\/li>\n<li>Internal Medicine Boards (2010)<\/li>\n<\/ul>\n<p><strong>Clinical research in the field of heart failure, three-dimensional echocardiography and interventional therapy of structural heart diseases<\/strong><\/td>\n<\/tr>\n<tr>\n<td>Jun 04 &#8211; Jun 07<\/td>\n<td><strong>University of Chicago Medical Center, USA<\/strong><br \/>\nResidency in Internal Medicine, Internal Medicine Boards (2007)<\/td>\n<\/tr>\n<tr>\n<td>Jan 04- Jun 04<\/td>\n<td><strong>Ludwig-Maximilians-University Hospital, Munich, Germany<\/strong><br \/>\nFirst year house officer<\/td>\n<\/tr>\n<tr>\n<td>Apr 02 &#8211; Mar 03<\/td>\n<td><strong>Final year of Medical School in Internal Medicine, Surgery and Neurology:<\/strong><\/p>\n<ul>\n<li>Hospital Grosshadern, Ludwig-Maximilians-Universit\u00e4t, Munich, Germany<\/li>\n<li>Epworth Hospital, Affiliate of University of Melbourne, Melbourne, Australia<\/li>\n<li>Royal Children`s Hospital, University of Melbourne, Melbourne, Australia<\/li>\n<li>Massachusetts General Hospital, Harvard Medical School, Boston, USA<\/li>\n<li>Brigham and Women\u2019s Hospital, Harvard Medical School, Boston, USA<\/li>\n<li>University of Nebraska Medical Center, USA: research in echocardiography (Real Time Myocardial Perfusion)<\/li>\n<\/ul>\n<\/td>\n<\/tr>\n<tr bgcolor=\"#c9c7c8\">\n<td colspan=\"2\"><strong>EDUCATION<\/strong><\/td>\n<\/tr>\n<tr>\n<td>Mar 14<\/td>\n<td>Associate professor of Internal Medicine<br \/>\nHabilitation about the topic \u201eHeart Failure and Cardiac Resynchronisation Therapy (CRT): Role of 3D-Echocardiography)<\/td>\n<\/tr>\n<tr>\n<td>Apr 13<\/td>\n<td><strong>AMG\/GCP-Certificate,<\/strong><br \/>\nCenter for studies, Technical University Munich<\/td>\n<\/tr>\n<tr>\n<td>Apr 99 &#8211; Jan 06<\/td>\n<td><strong>Doctorate in Medicine:<\/strong> Bone loss in congestive heart failure,<br \/>\nDoctorate certificate issued January 2006<\/td>\n<\/tr>\n<tr>\n<td>Sep 11 &#8211; Mar 14<\/td>\n<td><strong>Master of Medical Education<\/strong>, University Heidelberg<\/td>\n<\/tr>\n<tr>\n<td>Nov 02- Aug 03<\/td>\n<td>United States Medical Licensing Examination, ECFMG- Certificate, USMLE Step 1, 2 and 3, Clinical Skills Assessment<\/td>\n<\/tr>\n<tr>\n<td>Nov 96- Jun 03<\/td>\n<td>Medical Studies, Ludwig-Maximilians-University, Munich, Germany<br \/>\nFinal National Examination for Physicians in June 2003<\/td>\n<\/tr>\n<tr>\n<td>Nov 95- Jun 96<\/td>\n<td>Studies of Law, Ludwig- Maximilians- University, Munich, Germany<\/td>\n<\/tr>\n<tr>\n<td>Sep 86- Jul 95<\/td>\n<td>Albert-Einstein-Gymnasium, Munich, Germany: Abitur (<b>A-level equivalent<\/b>)<\/td>\n<\/tr>\n<\/tbody>\n<\/table>\n<table border=\"0\" cellspacing=\"0\" cellpadding=\"0\">\n<tbody>\n<tr bgcolor=\"#c9c7c8\">\n<td colspan=\"2\"><strong>PUBLICATIONS<\/strong><\/td>\n<\/tr>\n<tr>\n<td valign=\"top\"><b>First (*shared first authorship) or last Author<\/b><\/td>\n<td valign=\"top\"><b>Impact Factor<\/b><\/td>\n<\/tr>\n<tr>\n<td valign=\"top\">Lesevic H, <i>Sonne C<\/i><i>*<\/i>, Braun D, Orban M, Pache J, Kastrati A, Sch\u00f6mig A, Mehilli J, Barthel P, Ott I, Sack G, Massberg S, Hausleiter J. Acute and Midterm Outcome After MitraClip Therapy in Patients With Severe Mitral Regurgitation and Left Ventricular Dysfunction. Am J Cardiol. 2015 Sep 1;116(5):749-56 (<i>*shared first authorship)<\/i><\/td>\n<td valign=\"top\"><b>3.276<\/b><\/td>\n<\/tr>\n<tr>\n<td valign=\"top\"><i>Carolin Sonne<\/i>, Lorenz Bott-Fl\u00fcgel, Simon Hauck, Martin Hadamitzky, Hasema Lesevic, Gabriele Demetz, Daniel Braun, Petra Wolf, J\u00f6rg Hausleiter, Albert Sch\u00f6mig, Christof Kolb. Novel three dimensional echocardiographic guided optimization improves clinical outcome in cardiac resynchronization therapy compared to electrocardiographic optimization &#8211; results of a randomized comparison. Pacing Clin Electrophysiol. 2014 Mar;37(3):312-20<\/td>\n<td valign=\"top\"><b>1.746<\/b><\/td>\n<\/tr>\n<tr>\n<td valign=\"top\"><i>C Sonne<\/i>, R Vogelmann, S Lesevic, L Bott-Fl\u00fcgel, I Ott, M Seyfarth. Signifikante Verbesserungen eines klinischen Untersuchungskurses nach einfachen und strukturierten Ver\u00e4nderungen des Lehrinhalts und der Lehrmethoden. GMS Z Med Ausbild 2013; 30(2):Doc21<\/td>\n<td valign=\"top\"><\/td>\n<\/tr>\n<tr>\n<td valign=\"top\"><i>Sonne C<\/i>, Bott-Fl\u00fcgel L, Lesevic H, Barthel P, Michalk F, Hoppe K, Hauck S, Hausleiter J, Kolb C, Sch\u00f6mig A. Immediate beneficial hemodynamic effects of a novel real-time 3D-echocardiographic optimization protocol of cardiac resynchronization therapy. PLoS One. 2012;7(2):e30964<\/td>\n<td valign=\"top\"><b>4.411<\/b><\/td>\n<\/tr>\n<tr>\n<td valign=\"top\"><i>Sonne C<\/i>, Sugeng L, Weinert L, Watanabe N, Saito K, Yoshida K, Takeuchi M, Lang RM. Age and Body Surface Area Dependency of Mitral Valve Annular and Tenting Parameters: Assessment by Real-Time 3D Echocardiography. EJE 2009;10:287-294<\/td>\n<td valign=\"top\"><b>2.317<\/b><\/td>\n<\/tr>\n<tr>\n<td valign=\"top\"><i>Sonne C<\/i>, Sugeng L, Takeuchi M, Weinert L, Childers R, Mor-Avi V, Lang RM. Real-time three-dimensional echocardiographic assessment of left ventricular dyssynchrony: Pitfalls in patients with dilated cardiomyopathy. J Am Coll Cardiol Img 2009; 2:802-812<\/td>\n<td valign=\"top\"><b>5.528<\/b><\/td>\n<\/tr>\n<tr>\n<td valign=\"top\"><i>Sonne C, <\/i>Xie F, Lof J, Oberdorfer J, Phillips P, Everbach EC, Porter TR. Differences in Definity and Optison microbubble destruction rates at a similar mechanical index with different real time perfusion systems. J Am Soc Echocardiogr 2003;16:1178-85<\/td>\n<td valign=\"top\"><b><br \/>\n3.707<\/b><\/td>\n<\/tr>\n<tr>\n<td valign=\"top\"><b>Coauthor<\/b><\/td>\n<td valign=\"top\"><\/td>\n<\/tr>\n<tr>\n<td valign=\"top\">Martin Orban, Daniel Braun, Mathias Orban, Christian Grebmer, Dirk Sibbing, Raffael Thaler, Janine Tittus, Fritz Wimbauer, Hasema Lesevic, <i>Carolin Sonne<\/i>, Julinda Mehilli, Ilka Ott, Michael N\u00e4bauer, Steffen Massberg, Peter Boekstegers, J\u00f6rg Hausleiter. Long-Term Outcome of Patients with Severe Biventricular Heart Failure and Severe Mitral Regurgitation After Percutaneous Edge-to-Edge Mitral Valve Repair. J Interv Cardiol 2015 Apr 10. Epub 2015 Apr 10.<\/td>\n<td valign=\"top\"><b>1.183<\/b><\/td>\n<\/tr>\n<tr>\n<td valign=\"top\">Frost RJA,<i> Sonne C, <\/i>Wehr U, Stempfle H-U. Effects of calcium supplementation on bone loss and fractures in congestive heart failure. Eur J Endocrinol 2007;156:309-14<\/td>\n<td valign=\"top\"><b>3.927<\/b><\/td>\n<\/tr>\n<tr>\n<td valign=\"top\">Birgit Langhans, Tareq Ibrahim, J\u00f6rg Hausleiter, <i>Carolin Sonne<\/i>, Stefan Martinoff, Albert Sch\u00f6mig, Martin Hadamitzky. Gender Differences in Contrast-Enhanced Magnetic Resonance Imaging after Acute Myocardial Infarction. Int J Cardiovasc Imaging<u>. 2012 Oct 9. [Epub ahead of print]<\/u><\/td>\n<td valign=\"top\"><b>2,285<\/b><\/td>\n<\/tr>\n<tr>\n<td valign=\"top\">Daniel Braun, Fabian Michalk, Martin Orban, Petra Barthel, Katharina Hoppe, <i>Carolin Sonne<\/i>, Hasema Lesevic, J\u00fcrgen Pache, Julinda Mehilli, Adnan Kastrati, J\u00f6rg Hausleiter, Steffen Massberg. Three-dimensional transoesophageal echocardiography for the assessment of clip attachment to the leaflets in percutaneous edge-to-edge repair of the mitral valve. EuroIntervention. 2013 Jan 30 [Epub ahead of print]<\/td>\n<td valign=\"top\"><b>3,285<\/b><\/td>\n<\/tr>\n<tr>\n<td valign=\"top\">Hadamitzky M, Langhans B, Hausleiter J, Sonne C, Kastrati A, Martinoff S, Sch\u00f6mig A, Ibrahim T. The Assessment of Area at Risk and Myocardial Salvage After Coronary Revascularization in Acute Myocardial Infarction: Comparison Between CMR and SPECT. JACC Cardiovasc Imaging. 2013 Mar;6(3):358-69<\/td>\n<td valign=\"top\"><b>5,841<\/b><\/td>\n<\/tr>\n<tr>\n<td valign=\"top\">Braun D, Lesevic H, Orban M, Michalk F, Barthel P, Hoppe K<i>, <\/i><i>Sonne C<\/i>, Pache J, Mehilli J, Kastrati A, Hausleiter J, Massberg S. Percutaneous edge-to-edge repair of the mitral valve in patients with degenerative versus functional mitral regurgitation. Catheter Cardiovasc Interv. 2013 Dec 10 [Epub ahead of print]<\/td>\n<td valign=\"top\"><b>2,514<\/b><\/td>\n<\/tr>\n<tr>\n<td valign=\"top\">Hadamitzky M, Langhans B, Hausleiter J<i>, <\/i><i>Sonne C<\/i>, Byrne RA, Mehilli J, Kastrati A, Sch\u00f6mig A, Martinoff S, Ibrahim T. Prognostic value of late gadolinium enhancement in cardiovascular magnetic resonance imaging after acute ST-elevation myocardial infarction in comparison with single-photon emission tomography using Tc99m-Sestamibi. Eur Heart J Cardiovasc Imaging. 2013 Nov 14 [Epub ahead of print]<\/td>\n<td valign=\"top\"><b>2,394<\/b><\/td>\n<\/tr>\n<tr>\n<td valign=\"top\">Orban M, Braun D, <i>Sonne C<\/i><i>,<\/i> Orban M, Thaler R, Grebmer C, Lesevic H, Sch\u00f6mig A, Mehilli J, Massberg S, Hausleiter J. Dangerous liaison: successful percutaneous edge-to-edge mitral valve repair in patients with end-stage systolic heart failure can cause left ventricular thrombus formation. EuroIntervention. 2013 Oct 30 [Epub ahead of print]<\/td>\n<td valign=\"top\"><b>3,285<\/b><\/td>\n<\/tr>\n<tr>\n<td valign=\"top\"><b>Reviews<\/b><\/td>\n<td valign=\"top\"><\/td>\n<\/tr>\n<tr>\n<td valign=\"top\"><i>Sonne C. <\/i>Diagnostik und konservative Therapie der Trikuspidalklappeninsuffizienz<i>. <\/i>CardioVasc 02\/2016<\/td>\n<td valign=\"top\"><\/td>\n<\/tr>\n<tr>\n<td valign=\"top\"><i>Sonne C.<\/i> Herzinsuffizienz: Blick in die Glaskugel. CardioVasc 02\/2015<\/td>\n<td valign=\"top\"><\/td>\n<\/tr>\n<tr>\n<td valign=\"top\"><i>Sonne C, <\/i>Stempfle HU, Klauss V, Schiele TM. Intravascular ultrasound-guided percutaneous coronary intervention in a human immunodeficiency virus-positive patient with cocaine-associated acute myocardial infarction: Case report and review. Heart Lung Circ 2005;14:197-200<\/td>\n<td valign=\"top\"><b>1.330<\/b><\/td>\n<\/tr>\n<tr>\n<td valign=\"top\">Seyfarth M, <i>Sonne C<\/i>, Sch\u00f6mig A. Neues aus der Kardiologie. Bayerisches \u00c4rzteblatt 2008;10:592-596<\/td>\n<td valign=\"top\"><\/td>\n<\/tr>\n<tr>\n<td valign=\"top\"><b>Impaktfactors (total)<\/b><\/td>\n<td valign=\"top\"><b>47.029<\/b><\/td>\n<\/tr>\n<tr>\n<td valign=\"top\"><b>Submitted Manuscripts<\/b><\/td>\n<td valign=\"top\"><\/td>\n<\/tr>\n<tr>\n<td valign=\"top\">Sonne C, Bott-Fl\u00fcgel L, Hauc S, Rosner S, Lesevic H, Karl M, Hadamitzky M, Wolf P, Schunkert H, Kolb C. Predictors of clinical response to optimized cardiac resynchronization therapy. Eingereicht bei Am J of Cardiol<\/td>\n<td valign=\"top\"><\/td>\n<\/tr>\n<tr>\n<td valign=\"top\">Orban M, Lesevic H, Orban M, Braun D, Deseive S, Sonne C, Hutterer L, Grebmer C, Khandoga A, Pache J, Mehilli J, N\u00e4bauer M, Schunkert H, Massberg S, Hagl C, Kastrati A, Boekstegers P, Ott I und Hausleiter J. Predictors for long-term survival after transcatheter edge-to-edge mitral valve repair. Eingereicht bei JACC Interventions<\/td>\n<td valign=\"top\"><\/td>\n<\/tr>\n<tr>\n<td valign=\"top\">Lesevic H, Karl M, Braun D, Barthel P, Orban M, Pache J, Hadamitzky M, Mehilli J, Stecher L, Massberg S, Ott I, Schunkert H, Kastrati A, Sonne C<i>*<\/i>, Hausleiter J. Long-term Outcomes After MitraClip Implantation According to Presence or Absence of EVEREST II Inclusion Criteria. Eingereicht bei JACC Cardiovascular Imaging (<i>*shared last authorship)<\/i><\/td>\n<td valign=\"top\"><\/td>\n<\/tr>\n<tr>\n<td valign=\"top\"><i>Sonne C<\/i>, Weism\u00fcller S, Nekolla S, Sch\u00f6mig A, Schwaiger M. Molecular imaging of vascular <sup>18<\/sup>F-FDG Uptake with PET\/CT in Patients early after an acute myocardial infarction. (submitted)<\/td>\n<td valign=\"top\"><\/td>\n<\/tr>\n<tr>\n<td valign=\"top\">Qiong Zhao, Patrick M. McCarthy, Roberto M. Lang, Federico Veronesi, <i>Carolin Sonne<\/i>, Bonnie J. Kane, Robert O. Bonow, Vera H. Rigolin. Cardiac Remodeling and Left Ventricular Contractility Following Mitral Valve Repair Assessed with Three-Dimensional Echocardiography and Tissue Doppler Imaging. (submitted)<\/td>\n<td valign=\"top\"><\/td>\n<\/tr>\n<\/tbody>\n<\/table>\n<table border=\"0\" cellspacing=\"0\" cellpadding=\"0\">\n<tbody>\n<tr bgcolor=\"#c9c7c8\">\n<td colspan=\"2\"><strong>LANGUAGES<\/strong><\/td>\n<td><strong>COMPUTING<\/strong><\/td>\n<\/tr>\n<tr>\n<td>German:<\/td>\n<td>native<\/td>\n<td>MS Word<\/td>\n<\/tr>\n<tr>\n<td>English:<\/td>\n<td>fluent<\/td>\n<td>MS Excel<\/td>\n<\/tr>\n<tr>\n<td>French:<\/td>\n<td>intermediate<\/td>\n<td>SPSS<\/td>\n<\/tr>\n<tr>\n<td>Italian:<\/td>\n<td>intermediate<\/td>\n<td>MS Powerpoint<\/td>\n<\/tr>\n<tr>\n<td>Greek:<\/td>\n<td>good knowledge (currently undertaking a continuous intensive course)<\/td>\n<td><\/td>\n<\/tr>\n<\/tbody>\n<\/table>\n<table border=\"0\" cellspacing=\"0\" cellpadding=\"0\">\n<tbody>\n<tr bgcolor=\"#c9c7c8\">\n<td colspan=\"2\"><strong>EXTRACURRICULAR ACTIVITIES AND AWARDS<\/strong><\/td>\n<\/tr>\n<tr>\n<td style=\"width: 130px;\">Since 2012<\/td>\n<td><strong>Creation of the Internal Medicine E-Learning platform<\/strong> for Medical Students (Technische Universit\u00e4t M\u00fcnchen)<\/td>\n<\/tr>\n<tr>\n<td>Nov 12<\/td>\n<td><strong>Teaching Award 2012<\/strong> (Technische Universit\u00e4t M\u00fcnchen)<\/td>\n<\/tr>\n<tr>\n<td>Feb 10<\/td>\n<td>Certificate Medical Didactics (Technische Universit\u00e4t M\u00fcnchen)<\/td>\n<\/tr>\n<tr>\n<td>Jun 06-Jun 07<\/td>\n<td><strong>Journal Club Internal Medicine<\/strong>, University of Chicago Hospitals<br \/>\nOrganizer of the weekly Journal Clubs<\/td>\n<\/tr>\n<tr>\n<td>Jan 06-Jun 08<\/td>\n<td>Munich- Chicago Medical Student Exchange,<br \/>\nInitiator and Organizer of Medicine rotations at the University of Chicago Hospitals for Medical Students from Munich<\/td>\n<\/tr>\n<tr>\n<td>Aug 05<\/td>\n<td><strong>Best Resident Teacher Award<\/strong>, by Medical Students of University of Chicago Hospitals<\/td>\n<\/tr>\n<tr>\n<td>Jun &#8211; Jul 03<\/td>\n<td><strong>Munich-Harvard-Alliance:<\/strong> Tutor of students,<br \/>\nProblem-based-learning Course that was developed by faculty of the Harvard-Munich-Alliance<\/td>\n<\/tr>\n<tr>\n<td>1998<\/td>\n<td><strong>M\u00fcnchner Merkur<\/strong>, newspaper, Munich, Germany<br \/>\nMedical correspondent for the local newspaper<\/td>\n<\/tr>\n<\/tbody>\n<\/table>\n<p><\/p>","protected":false},"excerpt":{"rendered":"<p>Ass. Professor Dr. med. Carolin Sonne PERSON PRACTICE Place of birth: Munich I. Doussi, 5th floor Nationality: German 15124 Maroussi (Athens), Greece sonnecarolin@gmail.com www.carolinsonne.com Mobile: 0030 6948191787 Tel: 0030 2108023023 WORK EXPERIENCE Sept Feb 16 Private Practice for Cardiology in &hellip;<\/p>\n<p class=\"read-more\"> <a class=\"more-link\" href=\"http:\/\/carolinsonne.com\/en\/cv\/\"> <span class=\"screen-reader-text\">Curriculum Vitae<\/span> Read More &raquo;<\/a><\/p>\n","protected":false},"author":2,"featured_media":0,"parent":0,"menu_order":0,"comment_status":"closed","ping_status":"closed","template":"full-width-page.php","meta":[],"_links":{"self":[{"href":"http:\/\/carolinsonne.com\/en\/wp-json\/wp\/v2\/pages\/19"}],"collection":[{"href":"http:\/\/carolinsonne.com\/en\/wp-json\/wp\/v2\/pages"}],"about":[{"href":"http:\/\/carolinsonne.com\/en\/wp-json\/wp\/v2\/types\/page"}],"author":[{"embeddable":true,"href":"http:\/\/carolinsonne.com\/en\/wp-json\/wp\/v2\/users\/2"}],"replies":[{"embeddable":true,"href":"http:\/\/carolinsonne.com\/en\/wp-json\/wp\/v2\/comments?post=19"}],"version-history":[{"count":107,"href":"http:\/\/carolinsonne.com\/en\/wp-json\/wp\/v2\/pages\/19\/revisions"}],"predecessor-version":[{"id":16767,"href":"http:\/\/carolinsonne.com\/en\/wp-json\/wp\/v2\/pages\/19\/revisions\/16767"}],"wp:attachment":[{"href":"http:\/\/carolinsonne.com\/en\/wp-json\/wp\/v2\/media?parent=19"}],"curies":[{"name":"wp","href":"https:\/\/api.w.org\/{rel}","templated":true}]}}