{"id":7,"date":"2016-01-24T00:56:20","date_gmt":"2016-01-24T00:56:20","guid":{"rendered":"http:\/\/carolinsonne.com\/?page_id=7"},"modified":"2021-09-21T11:10:55","modified_gmt":"2021-09-21T11:10:55","slug":"profile","status":"publish","type":"page","link":"http:\/\/carolinsonne.com\/de\/profile\/","title":{"rendered":"Profil"},"content":{"rendered":"<p>&nbsp;<\/p>\n<p style=\"line-height: 200%;\">Studium der Medizin an der Ludwig-Maximilians-Universit\u00e4t M\u00fcnchen. Promotion \u00fcber Osteopathie bei der chronischen Herzinsuffizienz. Ausbildung zur Fach\u00e4rztin f\u00fcr Innere Medizin am University of Chicago Medical Center und zur Fach\u00e4rztin f\u00fcr Innere Medizin und <img loading=\"lazy\" class=\"size-medium wp-image-118 alignright\" src=\"http:\/\/carolinsonne.com\/wp-content\/uploads\/2016\/02\/giat2p-3-300x200.jpg\" alt=\"giat2p\" width=\"300\" height=\"200\" srcset=\"http:\/\/carolinsonne.com\/wp-content\/uploads\/2016\/02\/giat2p-3-300x200.jpg 300w, http:\/\/carolinsonne.com\/wp-content\/uploads\/2016\/02\/giat2p-3-768x512.jpg 768w, http:\/\/carolinsonne.com\/wp-content\/uploads\/2016\/02\/giat2p-3-1024x683.jpg 1024w, http:\/\/carolinsonne.com\/wp-content\/uploads\/2016\/02\/giat2p-3-100x67.jpg 100w, http:\/\/carolinsonne.com\/wp-content\/uploads\/2016\/02\/giat2p-3-150x100.jpg 150w, http:\/\/carolinsonne.com\/wp-content\/uploads\/2016\/02\/giat2p-3-200x133.jpg 200w, http:\/\/carolinsonne.com\/wp-content\/uploads\/2016\/02\/giat2p-3-450x300.jpg 450w, http:\/\/carolinsonne.com\/wp-content\/uploads\/2016\/02\/giat2p-3-600x400.jpg 600w, http:\/\/carolinsonne.com\/wp-content\/uploads\/2016\/02\/giat2p-3-900x600.jpg 900w, http:\/\/carolinsonne.com\/wp-content\/uploads\/2016\/02\/giat2p-3.jpg 1200w\" sizes=\"(max-width: 300px) 100vw, 300px\" \/>Kardiologie am Deutschen Herzzentrum M\u00fcnchen und Klinikum Rechts der Isar der Technischen Universit\u00e4t M\u00fcnchen. Habilitation \u00fcber die Rolle der 3D-Echokardiographie bei der Herzinsuffizienz und kardialen Resynchronisationstherapie (CRT). Zusatzqualifikation &#8222;Interventionelle Kardiologie&#8220; der Deutschen Gesellschaft f\u00fcr Kardiologie. Klinische Forschung auf dem Gebiet der Herzinsuffizienz, der dreidimensionalen Echokardiographie und der interventionellen Therapie von strukturellen Herzerkrankungen. 11 Jahre klinische- und Lehrt\u00e4tigkeit an der Ludwig-Maximilians-Universit\u00e4t M\u00fcnchen, der University of Chicago Medical School und Technischen Universit\u00e4t M\u00fcnchen, zuletzt als Leiterin der Echokardiographie und Herzinsuffizienzambulanz, sowie als Ober\u00e4rztin im Herzkatheterlabor am Deutschen Herzzentrum M\u00fcnchen.<\/p>\n<p style=\"line-height: 200%;\">Seit Februar 2016 eigene Praxis f\u00fcr Kardiologie in Maroussi, sowie interventionelle Kardiologie am Iatriko Kentro Maroussi, Krankenhaus Hygeia, Mediterraneo Hospital Glyfada, Deutschen Herzzentrum M\u00fcnchen.<\/p>\n<p>Fremdsprachenkenntnisse<br \/>\nEnglisch, Griechisch, Franz\u00f6sich und Italienisch.<\/p>","protected":false},"excerpt":{"rendered":"<p>&nbsp; Studium der Medizin an der Ludwig-Maximilians-Universit\u00e4t M\u00fcnchen. Promotion \u00fcber Osteopathie bei der chronischen Herzinsuffizienz. Ausbildung zur Fach\u00e4rztin f\u00fcr Innere Medizin am University of Chicago Medical Center und zur Fach\u00e4rztin f\u00fcr Innere Medizin und Kardiologie am Deutschen Herzzentrum M\u00fcnchen und &hellip;<\/p>\n<p class=\"read-more\"> <a class=\"more-link\" href=\"http:\/\/carolinsonne.com\/de\/profile\/\"> <span class=\"screen-reader-text\">Profil<\/span> Read More &raquo;<\/a><\/p>\n","protected":false},"author":2,"featured_media":0,"parent":0,"menu_order":0,"comment_status":"closed","ping_status":"closed","template":"full-width-page.php","meta":[],"_links":{"self":[{"href":"http:\/\/carolinsonne.com\/de\/wp-json\/wp\/v2\/pages\/7"}],"collection":[{"href":"http:\/\/carolinsonne.com\/de\/wp-json\/wp\/v2\/pages"}],"about":[{"href":"http:\/\/carolinsonne.com\/de\/wp-json\/wp\/v2\/types\/page"}],"author":[{"embeddable":true,"href":"http:\/\/carolinsonne.com\/de\/wp-json\/wp\/v2\/users\/2"}],"replies":[{"embeddable":true,"href":"http:\/\/carolinsonne.com\/de\/wp-json\/wp\/v2\/comments?post=7"}],"version-history":[{"count":24,"href":"http:\/\/carolinsonne.com\/de\/wp-json\/wp\/v2\/pages\/7\/revisions"}],"predecessor-version":[{"id":16676,"href":"http:\/\/carolinsonne.com\/de\/wp-json\/wp\/v2\/pages\/7\/revisions\/16676"}],"wp:attachment":[{"href":"http:\/\/carolinsonne.com\/de\/wp-json\/wp\/v2\/media?parent=7"}],"curies":[{"name":"wp","href":"https:\/\/api.w.org\/{rel}","templated":true}]}}